{"id":1430,"date":"2021-08-20T10:27:54","date_gmt":"2021-08-20T07:27:54","guid":{"rendered":"https:\/\/populariswp.com\/popularis-business-demo\/?page_id=1430"},"modified":"2024-01-26T20:43:14","modified_gmt":"2024-01-26T17:43:14","slug":"kunye","status":"publish","type":"page","link":"https:\/\/korpekalemler.net\/index.php\/kunye\/","title":{"rendered":"K\u00fcnye"},"content":{"rendered":"<p>[vc_row][vc_column][vc_column_text]<\/p>\n<h1 style=\"text-align: center;\"><strong>K\u00d6RPE KALEMLER DERG\u0130S\u0130<\/strong><\/h1>\n<p style=\"text-align: center;\">\u0130lim, Bilim, K\u00fclt\u00fcr, \u0130rfan, Tasavvuf, Edebiyat, Sanat, Ara\u015ft\u0131rma ve \u0130nceleme Dergisi<\/p>\n<p>&nbsp;<\/p>\n<p style=\"text-align: center;\"><strong>Yay\u0131n Y\u00f6netmeni<\/strong><\/p>\n<p style=\"text-align: center;\">Harun \u00c7a\u011flayan<\/p>\n<p style=\"text-align: center;\"><strong>\u00a0 \u00a0 \u00a0 <\/strong><\/p>\n<p style=\"text-align: center;\"><strong>Yaz\u0131 \u0130\u015fleri<\/strong><\/p>\n<p style=\"text-align: center;\">Havva K\u00fc\u00e7\u00fck Konur<\/p>\n<p>&nbsp;<\/p>\n<p style=\"text-align: center;\"><strong>Yay\u0131n Kurulu \/ Editorial Board<\/strong><\/p>\n<p style=\"text-align: center;\">S\u00fcmeyra Ayd\u0131n<\/p>\n<p style=\"text-align: center;\">Yu\u015fa Irmak<\/p>\n<p>&nbsp;<\/p>\n<p style=\"text-align: center;\"><strong>Yazarlar:<\/strong><\/p>\n<p style=\"text-align: center;\">Ali Osman Polat<\/p>\n<p style=\"text-align: center;\">Elif E. Bayraktar<\/p>\n<p style=\"text-align: center;\">Elif \u0130\u015fyar<\/p>\n<p style=\"text-align: center;\">Harun \u00c7a\u011flayan<\/p>\n<p style=\"text-align: center;\">Havva K\u00fc\u00e7\u00fck Konur<\/p>\n<p style=\"text-align: center;\">Kevser Saba Alkaya<\/p>\n<p style=\"text-align: center;\">Musa Hub<\/p>\n<p style=\"text-align: center;\">M\u00fccahit G\u00fcler<\/p>\n<p style=\"text-align: center;\">Rukiye Anar<\/p>\n<p style=\"text-align: center;\">Sema Ceyhan<\/p>\n<p style=\"text-align: center;\">Tugay Mola<\/p>\n<p style=\"text-align: center;\">Yusuf Alpt\u00fcrk<\/p>\n<p style=\"text-align: center;\">Zeynep Ha\u015femi Bayraktaro\u011flu<\/p>\n<p>&nbsp;<\/p>\n<p style=\"text-align: center;\"><strong>Dan\u0131\u015fman:<\/strong><\/p>\n<p style=\"text-align: center;\">Dr. Musa Hub<\/p>\n<p>&nbsp;<\/p>\n<p style=\"text-align: center;\"><strong>Makale Yorum:<\/strong><\/p>\n<p style=\"text-align: center;\">H\u00fcmeyra Hub<\/p>\n<p>&nbsp;<\/p>\n<p style=\"text-align: center;\"><strong>Tasar\u0131m \/ Design:<\/strong><\/p>\n<p style=\"text-align: center;\">Run Digital<\/p>\n<p>&nbsp;<\/p>\n<p style=\"text-align: center;\"><strong>\u0130dar\u00ee ve Mal\u00ee \u0130\u015fler:<\/strong><\/p>\n<p style=\"text-align: center;\">Muhenna Selman Hub<\/p>\n<p>&nbsp;<\/p>\n<p style=\"text-align: center;\"><strong>\u0130leti\u015fim \/ Contact: <\/strong><\/p>\n<p style=\"text-align: center;\"><a href=\"mailto:korpekalemlerder@gmail.com\">korpekalemlerder@gmail.com<\/a><\/p>\n<p>&nbsp;<\/p>\n<p style=\"text-align: center;\">Not: Yaz\u0131lar\u0131n hukuk\u00ee sorumlulu\u011fu, yazarlara aittir.<\/p>\n<p>&nbsp;<\/p>\n<p>&nbsp;[\/vc_column_text][vc_column_text]&nbsp;<\/p>\n<p>&nbsp;[\/vc_column_text][vc_column_text][\/vc_column_text][vc_column_text][\/vc_column_text][vc_column_text][\/vc_column_text][\/vc_column][\/vc_row][vc_row][vc_column][social_icons theme_style=&#8221;social-icons-theme-two&#8221; size=&#8221;large&#8221; items=&#8221;%5B%7B%22is_icon%22%3A%22fontawesome%22%2C%22icon%22%3A%22fab%20fa-twitter-square%22%2C%22icon_color%22%3A%22%231d9bf0%22%2C%22content_link%22%3A%22https%3A%2F%2Ftwitter.com%2Fkorpe_kalemler%22%7D%2C%7B%22is_icon%22%3A%22fontawesome%22%2C%22icon%22%3A%22fab%20fa-instagram%22%2C%22icon_color%22%3A%22%23dd9933%22%2C%22content_link%22%3A%22https%3A%2F%2Fwww.instagram.com%2Fkorpekalemler%2F%22%7D%2C%7B%22is_icon%22%3A%22fontawesome%22%2C%22icon%22%3A%22fab%20fa-youtube-square%22%2C%22icon_color%22%3A%22%23dd3333%22%2C%22content_link%22%3A%22https%3A%2F%2Fyoutube.com%2F%40HubTv_%22%7D%5D&#8221;][\/vc_column][\/vc_row]<\/p>\n","protected":false},"excerpt":{"rendered":"<p>[vc_row][vc_column][vc_column_text] K\u00d6RPE KALEMLER DERG\u0130S\u0130 \u0130lim, Bilim, K\u00fclt\u00fcr, \u0130rfan, Tasavvuf, Edebiyat, Sanat, Ara\u015ft\u0131rma ve \u0130nceleme Dergisi &nbsp; Yay\u0131n Y\u00f6netmeni Harun \u00c7a\u011flayan \u00a0 \u00a0 \u00a0 Yaz\u0131 \u0130\u015fleri Havva K\u00fc\u00e7\u00fck Konur &nbsp; Yay\u0131n Kurulu \/ Editorial Board S\u00fcmeyra Ayd\u0131n Yu\u015fa Irmak &nbsp; Yazarlar: Ali Osman Polat Elif E. Bayraktar Elif \u0130\u015fyar Harun \u00c7a\u011flayan Havva K\u00fc\u00e7\u00fck Konur Kevser Saba&hellip;<\/p>\n","protected":false},"author":1,"featured_media":0,"parent":0,"menu_order":0,"comment_status":"closed","ping_status":"closed","template":"","meta":{"saved_in_kubio":false,"_mi_skip_tracking":false,"_monsterinsights_sitenote_active":false,"_monsterinsights_sitenote_note":"","_monsterinsights_sitenote_category":0,"footnotes":""},"class_list":["post-1430","page","type-page","status-publish","hentry","description-off"],"aioseo_notices":[],"kubio_ai_page_context":{"short_desc":"","purpose":"general"},"jetpack_sharing_enabled":true,"_links":{"self":[{"href":"https:\/\/korpekalemler.net\/index.php\/wp-json\/wp\/v2\/pages\/1430"}],"collection":[{"href":"https:\/\/korpekalemler.net\/index.php\/wp-json\/wp\/v2\/pages"}],"about":[{"href":"https:\/\/korpekalemler.net\/index.php\/wp-json\/wp\/v2\/types\/page"}],"author":[{"embeddable":true,"href":"https:\/\/korpekalemler.net\/index.php\/wp-json\/wp\/v2\/users\/1"}],"replies":[{"embeddable":true,"href":"https:\/\/korpekalemler.net\/index.php\/wp-json\/wp\/v2\/comments?post=1430"}],"version-history":[{"count":35,"href":"https:\/\/korpekalemler.net\/index.php\/wp-json\/wp\/v2\/pages\/1430\/revisions"}],"predecessor-version":[{"id":16312,"href":"https:\/\/korpekalemler.net\/index.php\/wp-json\/wp\/v2\/pages\/1430\/revisions\/16312"}],"wp:attachment":[{"href":"https:\/\/korpekalemler.net\/index.php\/wp-json\/wp\/v2\/media?parent=1430"}],"curies":[{"name":"wp","href":"https:\/\/api.w.org\/{rel}","templated":true}]}}